{"id":1430,"date":"2022-05-25T13:17:27","date_gmt":"2022-05-25T13:17:27","guid":{"rendered":"https:\/\/richter-rothacher.de\/?page_id=1430"},"modified":"2022-05-30T13:49:06","modified_gmt":"2022-05-30T13:49:06","slug":"phytotherapie-2","status":"publish","type":"page","link":"https:\/\/richter-rothacher.de\/home\/phytotherapie-2\/","title":{"rendered":"Phytotherapie"},"content":{"rendered":"\t\t<div data-elementor-type=\"wp-page\" data-elementor-id=\"1430\" class=\"elementor elementor-1430\">\n\t\t\t\t\t\t<section class=\"elementor-section elementor-top-section elementor-element elementor-element-5e5c0d84 elementor-section-full_width elementor-section-height-min-height elementor-section-items-stretch elementor-section-content-bottom elementor-section-height-default\" data-id=\"5e5c0d84\" data-element_type=\"section\">\n\t\t\t\t\t\t<div class=\"elementor-container elementor-column-gap-no\">\n\t\t\t\t\t<div class=\"elementor-column elementor-col-50 elementor-top-column elementor-element elementor-element-4d327ff7\" data-id=\"4d327ff7\" data-element_type=\"column\" data-settings=\"{&quot;background_background&quot;:&quot;classic&quot;}\">\n\t\t\t<div class=\"elementor-widget-wrap elementor-element-populated\">\n\t\t\t\t\t\t<div class=\"elementor-element elementor-element-57ea2bcf elementor-widget elementor-widget-heading\" data-id=\"57ea2bcf\" data-element_type=\"widget\" data-widget_type=\"heading.default\">\n\t\t\t\t<div class=\"elementor-widget-container\">\n\t\t\t<style>\/*! elementor - v3.23.0 - 05-08-2024 *\/\n.elementor-heading-title{padding:0;margin:0;line-height:1}.elementor-widget-heading .elementor-heading-title[class*=elementor-size-]>a{color:inherit;font-size:inherit;line-height:inherit}.elementor-widget-heading .elementor-heading-title.elementor-size-small{font-size:15px}.elementor-widget-heading .elementor-heading-title.elementor-size-medium{font-size:19px}.elementor-widget-heading .elementor-heading-title.elementor-size-large{font-size:29px}.elementor-widget-heading .elementor-heading-title.elementor-size-xl{font-size:39px}.elementor-widget-heading .elementor-heading-title.elementor-size-xxl{font-size:59px}<\/style><h1 class=\"elementor-heading-title elementor-size-default\">Phytotherapie<\/h1>\t\t<\/div>\n\t\t\t\t<\/div>\n\t\t\t\t<div class=\"elementor-element elementor-element-6f2c0d82 elementor-widget elementor-widget-heading\" data-id=\"6f2c0d82\" data-element_type=\"widget\" data-widget_type=\"heading.default\">\n\t\t\t\t<div class=\"elementor-widget-container\">\n\t\t\t<h6 class=\"elementor-heading-title elementor-size-default\">Planzenheilkunde &amp; Heilpilzkunde<\/h6>\t\t<\/div>\n\t\t\t\t<\/div>\n\t\t\t\t\t<\/div>\n\t\t<\/div>\n\t\t\t\t<div class=\"elementor-column elementor-col-50 elementor-top-column elementor-element elementor-element-1335858c\" data-id=\"1335858c\" data-element_type=\"column\">\n\t\t\t<div class=\"elementor-widget-wrap elementor-element-populated\">\n\t\t\t\t\t\t<div class=\"elementor-element elementor-element-7a6032d elementor-widget elementor-widget-image\" data-id=\"7a6032d\" data-element_type=\"widget\" data-widget_type=\"image.default\">\n\t\t\t\t<div class=\"elementor-widget-container\">\n\t\t\t<style>\/*! elementor - v3.23.0 - 05-08-2024 *\/\n.elementor-widget-image{text-align:center}.elementor-widget-image a{display:inline-block}.elementor-widget-image a img[src$=\".svg\"]{width:48px}.elementor-widget-image img{vertical-align:middle;display:inline-block}<\/style>\t\t\t\t\t\t\t\t\t\t<img fetchpriority=\"high\" width=\"800\" height=\"600\" src=\"https:\/\/richter-rothacher.de\/wp-content\/uploads\/2022\/05\/WhatsApp-Image-2022-05-11-at-09.05.28-1024x768.jpg\" class=\"attachment-large size-large wp-image-1377\" alt=\"\" srcset=\"https:\/\/richter-rothacher.de\/wp-content\/uploads\/2022\/05\/WhatsApp-Image-2022-05-11-at-09.05.28-1024x768.jpg 1024w, https:\/\/richter-rothacher.de\/wp-content\/uploads\/2022\/05\/WhatsApp-Image-2022-05-11-at-09.05.28-300x225.jpg 300w, https:\/\/richter-rothacher.de\/wp-content\/uploads\/2022\/05\/WhatsApp-Image-2022-05-11-at-09.05.28-768x576.jpg 768w, https:\/\/richter-rothacher.de\/wp-content\/uploads\/2022\/05\/WhatsApp-Image-2022-05-11-at-09.05.28.jpg 1500w\" sizes=\"(max-width: 800px) 100vw, 800px\" \/>\t\t\t\t\t\t\t\t\t\t\t\t\t<\/div>\n\t\t\t\t<\/div>\n\t\t\t\t\t<\/div>\n\t\t<\/div>\n\t\t\t\t\t<\/div>\n\t\t<\/section>\n\t\t\t\t<section class=\"elementor-section elementor-top-section elementor-element elementor-element-516021a elementor-section-full_width elementor-hidden-tablet elementor-hidden-mobile elementor-section-height-default elementor-section-height-default\" data-id=\"516021a\" data-element_type=\"section\">\n\t\t\t\t\t\t<div class=\"elementor-container elementor-column-gap-default\">\n\t\t\t\t\t<div class=\"elementor-column elementor-col-50 elementor-top-column elementor-element elementor-element-0741d7d\" data-id=\"0741d7d\" data-element_type=\"column\">\n\t\t\t<div class=\"elementor-widget-wrap elementor-element-populated\">\n\t\t\t\t\t\t<div class=\"elementor-element elementor-element-1bfe689 elementor-widget elementor-widget-text-editor\" data-id=\"1bfe689\" data-element_type=\"widget\" data-widget_type=\"text-editor.default\">\n\t\t\t\t<div class=\"elementor-widget-container\">\n\t\t\t<style>\/*! elementor - v3.23.0 - 05-08-2024 *\/\n.elementor-widget-text-editor.elementor-drop-cap-view-stacked .elementor-drop-cap{background-color:#69727d;color:#fff}.elementor-widget-text-editor.elementor-drop-cap-view-framed .elementor-drop-cap{color:#69727d;border:3px solid;background-color:transparent}.elementor-widget-text-editor:not(.elementor-drop-cap-view-default) .elementor-drop-cap{margin-top:8px}.elementor-widget-text-editor:not(.elementor-drop-cap-view-default) .elementor-drop-cap-letter{width:1em;height:1em}.elementor-widget-text-editor .elementor-drop-cap{float:left;text-align:center;line-height:1;font-size:50px}.elementor-widget-text-editor .elementor-drop-cap-letter{display:inline-block}<\/style>\t\t\t\t<p>Unter Phytotherapie versteht man die Wissenschaft von der Heilbehandlung mit pflanzlichen Substanzen, auch Pflanzenheilkunde genannt. Der Begriff Wissenschaft ist in diesem Kontext besonders hervorzuheben, um sich in diesen Zeiten von unseri\u00f6sen paramedizinischen Techniken und Anwendungen abzugrenzen.<\/p><p>Die Phytotherapie arbeitet mit dem Wissen um die biochemischen Inhaltsstoffe von Pflanzen und nach klaren Dosis-Wirkungs-Beziehungen. Die richtige Anwendung von Pflanzenarzneien bei verschiedenen Indikationen im Hinblick auf die einzelnen Tierarten setzt viel Wissen und Erfahrung voraus und kann nicht von jedem in einem Wochenendseminar erlernt werden. Der Tierarzt hat durch sein Studium das R\u00fcstzeug, um entscheiden zu k\u00f6nnen, wann ein Fall eine Dom\u00e4ne der Phytotherapie ist und wann ein Patient unumg\u00e4nglich synthetische Pharmaka ben\u00f6tigt. Die Kombination dieser beiden Welten ist nicht zuletzt das Spannende im tiermedizinischen Arbeitsalltag.<\/p><p>Frau Dr. Wolz-Richter besch\u00e4ftigt sich seit 2012 intensiv mit Themen der Phytotherapie und ist Mitglied in der <a href=\"https:\/\/ggtm.de\/therapieverfahren\/phytotherapie\/\" target=\"_blank\" rel=\"noopener\">Fachgruppe Phytotherapie der GGTM<\/a> (Gesellschaft f\u00fcr ganzheitliche Tiermedizin).<\/p><p>Gemeinsam mit dem Tierbesitzer k\u00f6nnen verschiedene M\u00f6glichkeiten der Therapie besprochen und die f\u00fcr das Tier beste Option ausgew\u00e4hlt werden. In vielen F\u00e4llen kann eine phytotherapeutische Arznei bereits die Selbstheilungskr\u00e4fte des K\u00f6rpers so weit unterst\u00fctzen, dass auf synthetische Pharmaka ganz oder auch teilweise verzichtet werden kann.<\/p><p>Auch die Mykotherapie ist neben der klassisch europ\u00e4ischen Phytotherapie Teil unserer therapeutischen Arbeit. In der Mykotherapie wird mit hochdosierten Extrakten verschiedener Heilpilze behandelt. Besonders bei chronischen Erkrankungen, die einen Bezug zum Immunsystem haben, wie dem z.B. dem Equinen Sarkoid oder allergischen Grunderkrankungen wie z.B. dem Equinen Asthma k\u00f6nnen hier oft Erfolge erzielt werden.<\/p><p>Bei Interesse an phyto- oder mykotherapeutischen Herangehensweisen, insbesondere auch bei chronischen Krankheitszust\u00e4nden und scheinbar austherapierten F\u00e4llen, sprechen Sie uns gerne an.<\/p>\t\t\t\t\t\t<\/div>\n\t\t\t\t<\/div>\n\t\t\t\t\t<\/div>\n\t\t<\/div>\n\t\t\t\t<div class=\"elementor-column elementor-col-50 elementor-top-column elementor-element elementor-element-c7634ef\" data-id=\"c7634ef\" data-element_type=\"column\">\n\t\t\t<div class=\"elementor-widget-wrap\">\n\t\t\t\t\t\t\t<\/div>\n\t\t<\/div>\n\t\t\t\t\t<\/div>\n\t\t<\/section>\n\t\t\t\t<section class=\"elementor-section elementor-top-section elementor-element elementor-element-169bc7f elementor-section-full_width elementor-hidden-desktop elementor-section-height-default elementor-section-height-default\" data-id=\"169bc7f\" data-element_type=\"section\">\n\t\t\t\t\t\t<div class=\"elementor-container elementor-column-gap-default\">\n\t\t\t\t\t<div class=\"elementor-column elementor-col-100 elementor-top-column elementor-element elementor-element-f6ae66f\" data-id=\"f6ae66f\" data-element_type=\"column\">\n\t\t\t<div class=\"elementor-widget-wrap elementor-element-populated\">\n\t\t\t\t\t\t<div class=\"elementor-element elementor-element-7c9fe53 elementor-widget elementor-widget-text-editor\" data-id=\"7c9fe53\" data-element_type=\"widget\" data-widget_type=\"text-editor.default\">\n\t\t\t\t<div class=\"elementor-widget-container\">\n\t\t\t\t\t\t\t<p>Unter Phytotherapie versteht man die Wissenschaft von der Heilbehandlung mit pflanzlichen Substanzen, auch Pflanzenheilkunde genannt. Der Begriff Wissenschaft ist in diesem Kontext besonders hervorzuheben, um sich in diesen Zeiten von unseri\u00f6sen paramedizinischen Techniken und Anwendungen abzugrenzen.<\/p><p>Die Phytotherapie arbeitet mit dem Wissen um die biochemischen Inhaltsstoffe von Pflanzen und nach klaren Dosis-Wirkungs-Beziehungen. Die richtige Anwendung von Pflanzenarzneien bei verschiedenen Indikationen im Hinblick auf die einzelnen Tierarten setzt viel Wissen und Erfahrung voraus und kann nicht von jedem in einem Wochenendseminar erlernt werden. Der Tierarzt hat durch sein Studium das R\u00fcstzeug, um entscheiden zu k\u00f6nnen, wann ein Fall eine Dom\u00e4ne der Phytotherapie ist und wann ein Patient unumg\u00e4nglich synthetische Pharmaka ben\u00f6tigt. Die Kombination dieser beiden Welten ist nicht zuletzt das Spannende im tiermedizinischen Arbeitsalltag.<\/p><p>Frau Dr. Wolz-Richter besch\u00e4ftigt sich seit 2012 intensiv mit Themen der Phytotherapie und ist Mitglied in der <a href=\"https:\/\/ggtm.de\/therapieverfahren\/phytotherapie\/\" target=\"_blank\" rel=\"noopener\">Fachgruppe Phytotherapie der GGTM<\/a> (Gesellschaft f\u00fcr ganzheitliche Tiermedizin).<\/p><p>Gemeinsam mit dem Tierbesitzer k\u00f6nnen verschiedene M\u00f6glichkeiten der Therapie besprochen und die f\u00fcr das Tier beste Option ausgew\u00e4hlt werden. In vielen F\u00e4llen kann eine phytotherapeutische Arznei bereits die Selbstheilungskr\u00e4fte des K\u00f6rpers so weit unterst\u00fctzen, dass auf synthetische Pharmaka ganz oder auch teilweise verzichtet werden kann.<\/p><p>Auch die Mykotherapie ist neben der klassisch europ\u00e4ischen Phytotherapie Teil unserer therapeutischen Arbeit. In der Mykotherapie wird mit hochdosierten Extrakten verschiedener Heilpilze behandelt. Besonders bei chronischen Erkrankungen, die einen Bezug zum Immunsystem haben, wie dem z.B. dem Equinen Sarkoid oder allergischen Grunderkrankungen wie z.B. dem Equinen Asthma k\u00f6nnen hier oft Erfolge erzielt werden.<\/p><p>Bei Interesse an phyto- oder mykotherapeutischen Herangehensweisen, insbesondere auch bei chronischen Krankheitszust\u00e4nden und scheinbar austherapierten F\u00e4llen, sprechen Sie uns gerne an.<\/p>\t\t\t\t\t\t<\/div>\n\t\t\t\t<\/div>\n\t\t\t\t\t<\/div>\n\t\t<\/div>\n\t\t\t\t\t<\/div>\n\t\t<\/section>\n\t\t\t\t<section class=\"elementor-section elementor-top-section elementor-element elementor-element-9d5667d elementor-section-full_width elementor-section-height-default elementor-section-height-default\" data-id=\"9d5667d\" data-element_type=\"section\">\n\t\t\t\t\t\t<div class=\"elementor-container elementor-column-gap-default\">\n\t\t\t\t\t<div class=\"elementor-column elementor-col-100 elementor-top-column elementor-element elementor-element-0b3c28a\" data-id=\"0b3c28a\" data-element_type=\"column\">\n\t\t\t<div class=\"elementor-widget-wrap elementor-element-populated\">\n\t\t\t\t\t\t<div class=\"elementor-element elementor-element-5b1e15a elementor-skin-carousel elementor-arrows-yes elementor-pagination-type-bullets elementor-pagination-position-outside elementor-widget elementor-widget-media-carousel\" data-id=\"5b1e15a\" data-element_type=\"widget\" data-settings=\"{&quot;slides_per_view&quot;:&quot;5&quot;,&quot;space_between&quot;:{&quot;unit&quot;:&quot;px&quot;,&quot;size&quot;:17,&quot;sizes&quot;:[]},&quot;skin&quot;:&quot;carousel&quot;,&quot;effect&quot;:&quot;slide&quot;,&quot;show_arrows&quot;:&quot;yes&quot;,&quot;pagination&quot;:&quot;bullets&quot;,&quot;speed&quot;:500,&quot;autoplay&quot;:&quot;yes&quot;,&quot;autoplay_speed&quot;:5000,&quot;loop&quot;:&quot;yes&quot;,&quot;pause_on_hover&quot;:&quot;yes&quot;,&quot;pause_on_interaction&quot;:&quot;yes&quot;,&quot;space_between_tablet&quot;:{&quot;unit&quot;:&quot;px&quot;,&quot;size&quot;:10,&quot;sizes&quot;:[]},&quot;space_between_mobile&quot;:{&quot;unit&quot;:&quot;px&quot;,&quot;size&quot;:10,&quot;sizes&quot;:[]}}\" data-widget_type=\"media-carousel.default\">\n\t\t\t\t<div class=\"elementor-widget-container\">\n\t\t\t<link rel=\"stylesheet\" href=\"https:\/\/richter-rothacher.de\/wp-content\/plugins\/elementor-pro\/assets\/css\/widget-carousel.min.css\">\t\t<div class=\"elementor-swiper\">\n\t\t\t<div class=\"elementor-main-swiper swiper-container\">\n\t\t\t\t<div class=\"swiper-wrapper\">\n\t\t\t\t\t\t\t\t\t\t\t<div class=\"swiper-slide\">\n\t\t\t\t\t\t\t\t\t<div class=\"elementor-carousel-image\" style=\"background-image: url(https:\/\/richter-rothacher.de\/wp-content\/uploads\/2022\/05\/WhatsApp-Image-2022-05-11-at-09.05.29.jpg)\">\n\n\t\t\t\n\t\t\t\t\t<\/div>\n\t\t\t\t\t\t\t\t<\/div>\n\t\t\t\t\t\t\t\t\t\t\t<div class=\"swiper-slide\">\n\t\t\t\t\t\t\t\t\t<div class=\"elementor-carousel-image\" style=\"background-image: url(https:\/\/richter-rothacher.de\/wp-content\/uploads\/2022\/05\/WhatsApp-Image-2022-05-11-at-09.05.29-4.jpg)\">\n\n\t\t\t\n\t\t\t\t\t<\/div>\n\t\t\t\t\t\t\t\t<\/div>\n\t\t\t\t\t\t\t\t\t\t\t<div class=\"swiper-slide\">\n\t\t\t\t\t\t\t\t\t<div class=\"elementor-carousel-image\" style=\"background-image: url(https:\/\/richter-rothacher.de\/wp-content\/uploads\/2022\/05\/Digitales.jpeg)\">\n\n\t\t\t\n\t\t\t\t\t<\/div>\n\t\t\t\t\t\t\t\t<\/div>\n\t\t\t\t\t\t\t\t\t\t\t<div class=\"swiper-slide\">\n\t\t\t\t\t\t\t\t\t<div class=\"elementor-carousel-image\" style=\"background-image: url(https:\/\/richter-rothacher.de\/wp-content\/uploads\/2022\/05\/WhatsApp-Image-2022-05-11-at-09.05.29-3.jpg)\">\n\n\t\t\t\n\t\t\t\t\t<\/div>\n\t\t\t\t\t\t\t\t<\/div>\n\t\t\t\t\t\t\t\t\t\t\t<div class=\"swiper-slide\">\n\t\t\t\t\t\t\t\t\t<div class=\"elementor-carousel-image\" style=\"background-image: url(https:\/\/richter-rothacher.de\/wp-content\/uploads\/2022\/05\/WhatsApp-Image-2022-05-11-at-09.05.29-2.jpg)\">\n\n\t\t\t\n\t\t\t\t\t<\/div>\n\t\t\t\t\t\t\t\t<\/div>\n\t\t\t\t\t\t\t\t\t\t\t<div class=\"swiper-slide\">\n\t\t\t\t\t\t\t\t\t<div class=\"elementor-carousel-image\" style=\"background-image: url(https:\/\/richter-rothacher.de\/wp-content\/uploads\/2022\/05\/WhatsApp-Image-2022-05-11-at-09.05.29-1.jpg)\">\n\n\t\t\t\n\t\t\t\t\t<\/div>\n\t\t\t\t\t\t\t\t<\/div>\n\t\t\t\t\t\t\t\t\t\t\t<div class=\"swiper-slide\">\n\t\t\t\t\t\t\t\t\t<div class=\"elementor-carousel-image\" style=\"background-image: url(https:\/\/richter-rothacher.de\/wp-content\/uploads\/2022\/05\/WhatsApp-Image-2022-05-11-at-09.05.28-2.jpg)\">\n\n\t\t\t\n\t\t\t\t\t<\/div>\n\t\t\t\t\t\t\t\t<\/div>\n\t\t\t\t\t\t\t\t\t\t\t<div class=\"swiper-slide\">\n\t\t\t\t\t\t\t\t\t<div class=\"elementor-carousel-image\" style=\"background-image: url(https:\/\/richter-rothacher.de\/wp-content\/uploads\/2022\/05\/WhatsApp-Image-2022-05-11-at-09.05.28-1.jpg)\">\n\n\t\t\t\n\t\t\t\t\t<\/div>\n\t\t\t\t\t\t\t\t<\/div>\n\t\t\t\t\t\t\t\t\t\t\t<div class=\"swiper-slide\">\n\t\t\t\t\t\t\t\t\t<div class=\"elementor-carousel-image\" style=\"background-image: url(https:\/\/richter-rothacher.de\/wp-content\/uploads\/2022\/05\/Loewenzahn.jpeg)\">\n\n\t\t\t\n\t\t\t\t\t<\/div>\n\t\t\t\t\t\t\t\t<\/div>\n\t\t\t\t\t\t\t\t\t<\/div>\n\t\t\t\t\t\t\t\t\t\t\t\t\t\t\t<div class=\"swiper-pagination\"><\/div>\n\t\t\t\t\t\t\t\t\t\t\t\t\t\t\t\t<div class=\"elementor-swiper-button elementor-swiper-button-prev\">\n\t\t\t\t\t\t\t<i aria-hidden=\"true\" class=\"eicon-chevron-left\"><\/i>\t\t\t\t\t\t\t<span class=\"elementor-screen-only\">Voriger<\/span>\n\t\t\t\t\t\t<\/div>\n\t\t\t\t\t\t<div class=\"elementor-swiper-button elementor-swiper-button-next\">\n\t\t\t\t\t\t\t<i aria-hidden=\"true\" class=\"eicon-chevron-right\"><\/i>\t\t\t\t\t\t\t<span class=\"elementor-screen-only\">N\u00e4chster<\/span>\n\t\t\t\t\t\t<\/div>\n\t\t\t\t\t\t\t\t\t\t\t\t<\/div>\n\t\t<\/div>\n\t\t\t\t<\/div>\n\t\t\t\t<\/div>\n\t\t\t\t\t<\/div>\n\t\t<\/div>\n\t\t\t\t\t<\/div>\n\t\t<\/section>\n\t\t\t\t<\/div>\n\t\t","protected":false},"excerpt":{"rendered":"<p>Phytotherapie Planzenheilkunde &amp; Heilpilzkunde Unter Phytotherapie versteht man die Wissenschaft von der Heilbehandlung mit pflanzlichen Substanzen, auch Pflanzenheilkunde genannt. Der Begriff Wissenschaft ist in diesem Kontext besonders hervorzuheben, um sich in diesen Zeiten von unseri\u00f6sen paramedizinischen Techniken und Anwendungen abzugrenzen. Die Phytotherapie arbeitet mit dem Wissen um die biochemischen Inhaltsstoffe von Pflanzen und nach klaren [&hellip;]<\/p>\n","protected":false},"author":1,"featured_media":0,"parent":0,"menu_order":0,"comment_status":"closed","ping_status":"closed","template":"elementor_header_footer","meta":[],"yoast_head":"<!-- This site is optimized with the Yoast SEO plugin v20.6 - https:\/\/yoast.com\/wordpress\/plugins\/seo\/ -->\n<title>Phythotherapie<\/title>\n<meta name=\"description\" content=\"Unter Phytotherapie versteht man die Heilbehandlung mit pflanzlichen Substanzen. Ein Tierarzt wei\u00df, wann eine Phytotherapie sinnvoll ist.\" \/>\n<meta name=\"robots\" content=\"index, follow, max-snippet:-1, max-image-preview:large, max-video-preview:-1\" \/>\n<link rel=\"canonical\" href=\"https:\/\/richter-rothacher.de\/home\/phytotherapie-2\/\" \/>\n<meta property=\"og:locale\" content=\"de_DE\" \/>\n<meta property=\"og:type\" content=\"article\" \/>\n<meta property=\"og:title\" content=\"Phytotherapie -Pflanzenheilkunde\" \/>\n<meta property=\"og:description\" content=\"Unter Phytotherapie versteht man die Heilbehandlung mit pflanzlichen Substanzen. Ein Tierarzt wei\u00df, wann eine Phytotherapie sinnvoll ist.\" \/>\n<meta property=\"og:url\" content=\"https:\/\/richter-rothacher.de\/home\/phytotherapie-2\/\" \/>\n<meta property=\"og:site_name\" content=\"Tier\u00e4rzte Richter &amp; Rothacher\" \/>\n<meta property=\"article:modified_time\" content=\"2022-05-30T13:49:06+00:00\" \/>\n<meta property=\"og:image\" content=\"https:\/\/richter-rothacher.de\/wp-content\/uploads\/2022\/05\/WhatsApp-Image-2022-05-11-at-09.05.28.jpg\" \/>\n\t<meta property=\"og:image:width\" content=\"1500\" \/>\n\t<meta property=\"og:image:height\" content=\"1125\" \/>\n\t<meta property=\"og:image:type\" content=\"image\/jpeg\" \/>\n<meta name=\"twitter:card\" content=\"summary_large_image\" \/>\n<meta name=\"twitter:title\" content=\"Phytotherapie - Pflanzenheilkunde\" \/>\n<meta name=\"twitter:description\" content=\"Unter Phytotherapie versteht man die Heilbehandlung mit pflanzlichen Substanzen. Ein Tierarzt wei\u00df, wann eine Phytotherapie sinnvoll ist.\" \/>\n<meta name=\"twitter:image\" content=\"https:\/\/richter-rothacher.de\/wp-content\/uploads\/2022\/05\/WhatsApp-Image-2022-05-11-at-09.05.28.jpg\" \/>\n<meta name=\"twitter:label1\" content=\"Gesch\u00e4tzte Lesezeit\" \/>\n\t<meta name=\"twitter:data1\" content=\"4 Minuten\" \/>\n<script type=\"application\/ld+json\" class=\"yoast-schema-graph\">{\"@context\":\"https:\/\/schema.org\",\"@graph\":[{\"@type\":\"WebPage\",\"@id\":\"https:\/\/richter-rothacher.de\/home\/phytotherapie-2\/\",\"url\":\"https:\/\/richter-rothacher.de\/home\/phytotherapie-2\/\",\"name\":\"Phythotherapie\",\"isPartOf\":{\"@id\":\"https:\/\/richter-rothacher.de\/home\/#website\"},\"datePublished\":\"2022-05-25T13:17:27+00:00\",\"dateModified\":\"2022-05-30T13:49:06+00:00\",\"description\":\"Unter Phytotherapie versteht man die Heilbehandlung mit pflanzlichen Substanzen. Ein Tierarzt wei\u00df, wann eine Phytotherapie sinnvoll ist.\",\"breadcrumb\":{\"@id\":\"https:\/\/richter-rothacher.de\/home\/phytotherapie-2\/#breadcrumb\"},\"inLanguage\":\"de-DE\",\"potentialAction\":[{\"@type\":\"ReadAction\",\"target\":[\"https:\/\/richter-rothacher.de\/home\/phytotherapie-2\/\"]}]},{\"@type\":\"BreadcrumbList\",\"@id\":\"https:\/\/richter-rothacher.de\/home\/phytotherapie-2\/#breadcrumb\",\"itemListElement\":[{\"@type\":\"ListItem\",\"position\":1,\"name\":\"Startseite\",\"item\":\"https:\/\/richter-rothacher.de\/home\/\"},{\"@type\":\"ListItem\",\"position\":2,\"name\":\"Phytotherapie\"}]},{\"@type\":\"WebSite\",\"@id\":\"https:\/\/richter-rothacher.de\/home\/#website\",\"url\":\"https:\/\/richter-rothacher.de\/home\/\",\"name\":\"Tier\u00e4rzte Richter &amp; Rothacher\",\"description\":\"Praktische Tier\u00e4rztinnen f\u00fcr Gro\u00dftiere\",\"publisher\":{\"@id\":\"https:\/\/richter-rothacher.de\/home\/#organization\"},\"potentialAction\":[{\"@type\":\"SearchAction\",\"target\":{\"@type\":\"EntryPoint\",\"urlTemplate\":\"https:\/\/richter-rothacher.de\/home\/?s={search_term_string}\"},\"query-input\":\"required name=search_term_string\"}],\"inLanguage\":\"de-DE\"},{\"@type\":\"Organization\",\"@id\":\"https:\/\/richter-rothacher.de\/home\/#organization\",\"name\":\"Gro\u00dftierpraxis Richter & Rothacher\",\"url\":\"https:\/\/richter-rothacher.de\/home\/\",\"logo\":{\"@type\":\"ImageObject\",\"inLanguage\":\"de-DE\",\"@id\":\"https:\/\/richter-rothacher.de\/home\/#\/schema\/logo\/image\/\",\"url\":\"https:\/\/richter-rothacher.de\/wp-content\/uploads\/2022\/05\/cropped-logowebsite.jpg\",\"contentUrl\":\"https:\/\/richter-rothacher.de\/wp-content\/uploads\/2022\/05\/cropped-logowebsite.jpg\",\"width\":1500,\"height\":668,\"caption\":\"Gro\u00dftierpraxis Richter & Rothacher\"},\"image\":{\"@id\":\"https:\/\/richter-rothacher.de\/home\/#\/schema\/logo\/image\/\"}}]}<\/script>\n<!-- \/ Yoast SEO plugin. -->","yoast_head_json":{"title":"Phythotherapie","description":"Unter Phytotherapie versteht man die Heilbehandlung mit pflanzlichen Substanzen. Ein Tierarzt wei\u00df, wann eine Phytotherapie sinnvoll ist.","robots":{"index":"index","follow":"follow","max-snippet":"max-snippet:-1","max-image-preview":"max-image-preview:large","max-video-preview":"max-video-preview:-1"},"canonical":"https:\/\/richter-rothacher.de\/home\/phytotherapie-2\/","og_locale":"de_DE","og_type":"article","og_title":"Phytotherapie -Pflanzenheilkunde","og_description":"Unter Phytotherapie versteht man die Heilbehandlung mit pflanzlichen Substanzen. Ein Tierarzt wei\u00df, wann eine Phytotherapie sinnvoll ist.","og_url":"https:\/\/richter-rothacher.de\/home\/phytotherapie-2\/","og_site_name":"Tier\u00e4rzte Richter &amp; Rothacher","article_modified_time":"2022-05-30T13:49:06+00:00","og_image":[{"width":1500,"height":1125,"url":"https:\/\/richter-rothacher.de\/wp-content\/uploads\/2022\/05\/WhatsApp-Image-2022-05-11-at-09.05.28.jpg","type":"image\/jpeg"}],"twitter_card":"summary_large_image","twitter_title":"Phytotherapie - Pflanzenheilkunde","twitter_description":"Unter Phytotherapie versteht man die Heilbehandlung mit pflanzlichen Substanzen. Ein Tierarzt wei\u00df, wann eine Phytotherapie sinnvoll ist.","twitter_image":"https:\/\/richter-rothacher.de\/wp-content\/uploads\/2022\/05\/WhatsApp-Image-2022-05-11-at-09.05.28.jpg","twitter_misc":{"Gesch\u00e4tzte Lesezeit":"4 Minuten"},"schema":{"@context":"https:\/\/schema.org","@graph":[{"@type":"WebPage","@id":"https:\/\/richter-rothacher.de\/home\/phytotherapie-2\/","url":"https:\/\/richter-rothacher.de\/home\/phytotherapie-2\/","name":"Phythotherapie","isPartOf":{"@id":"https:\/\/richter-rothacher.de\/home\/#website"},"datePublished":"2022-05-25T13:17:27+00:00","dateModified":"2022-05-30T13:49:06+00:00","description":"Unter Phytotherapie versteht man die Heilbehandlung mit pflanzlichen Substanzen. Ein Tierarzt wei\u00df, wann eine Phytotherapie sinnvoll ist.","breadcrumb":{"@id":"https:\/\/richter-rothacher.de\/home\/phytotherapie-2\/#breadcrumb"},"inLanguage":"de-DE","potentialAction":[{"@type":"ReadAction","target":["https:\/\/richter-rothacher.de\/home\/phytotherapie-2\/"]}]},{"@type":"BreadcrumbList","@id":"https:\/\/richter-rothacher.de\/home\/phytotherapie-2\/#breadcrumb","itemListElement":[{"@type":"ListItem","position":1,"name":"Startseite","item":"https:\/\/richter-rothacher.de\/home\/"},{"@type":"ListItem","position":2,"name":"Phytotherapie"}]},{"@type":"WebSite","@id":"https:\/\/richter-rothacher.de\/home\/#website","url":"https:\/\/richter-rothacher.de\/home\/","name":"Tier\u00e4rzte Richter &amp; Rothacher","description":"Praktische Tier\u00e4rztinnen f\u00fcr Gro\u00dftiere","publisher":{"@id":"https:\/\/richter-rothacher.de\/home\/#organization"},"potentialAction":[{"@type":"SearchAction","target":{"@type":"EntryPoint","urlTemplate":"https:\/\/richter-rothacher.de\/home\/?s={search_term_string}"},"query-input":"required name=search_term_string"}],"inLanguage":"de-DE"},{"@type":"Organization","@id":"https:\/\/richter-rothacher.de\/home\/#organization","name":"Gro\u00dftierpraxis Richter & Rothacher","url":"https:\/\/richter-rothacher.de\/home\/","logo":{"@type":"ImageObject","inLanguage":"de-DE","@id":"https:\/\/richter-rothacher.de\/home\/#\/schema\/logo\/image\/","url":"https:\/\/richter-rothacher.de\/wp-content\/uploads\/2022\/05\/cropped-logowebsite.jpg","contentUrl":"https:\/\/richter-rothacher.de\/wp-content\/uploads\/2022\/05\/cropped-logowebsite.jpg","width":1500,"height":668,"caption":"Gro\u00dftierpraxis Richter & Rothacher"},"image":{"@id":"https:\/\/richter-rothacher.de\/home\/#\/schema\/logo\/image\/"}}]}},"_links":{"self":[{"href":"https:\/\/richter-rothacher.de\/home\/wp-json\/wp\/v2\/pages\/1430"}],"collection":[{"href":"https:\/\/richter-rothacher.de\/home\/wp-json\/wp\/v2\/pages"}],"about":[{"href":"https:\/\/richter-rothacher.de\/home\/wp-json\/wp\/v2\/types\/page"}],"author":[{"embeddable":true,"href":"https:\/\/richter-rothacher.de\/home\/wp-json\/wp\/v2\/users\/1"}],"replies":[{"embeddable":true,"href":"https:\/\/richter-rothacher.de\/home\/wp-json\/wp\/v2\/comments?post=1430"}],"version-history":[{"count":59,"href":"https:\/\/richter-rothacher.de\/home\/wp-json\/wp\/v2\/pages\/1430\/revisions"}],"predecessor-version":[{"id":2132,"href":"https:\/\/richter-rothacher.de\/home\/wp-json\/wp\/v2\/pages\/1430\/revisions\/2132"}],"wp:attachment":[{"href":"https:\/\/richter-rothacher.de\/home\/wp-json\/wp\/v2\/media?parent=1430"}],"curies":[{"name":"wp","href":"https:\/\/api.w.org\/{rel}","templated":true}]}}