{"id":333,"date":"2022-04-21T15:28:18","date_gmt":"2022-04-21T15:28:18","guid":{"rendered":"http:\/\/richter-rothacher.de\/home-2\/"},"modified":"2026-01-05T12:53:41","modified_gmt":"2026-01-05T12:53:41","slug":"willkommen","status":"publish","type":"page","link":"https:\/\/richter-rothacher.de\/home\/","title":{"rendered":"Home"},"content":{"rendered":"\t\t<div data-elementor-type=\"wp-page\" data-elementor-id=\"333\" class=\"elementor elementor-333\">\n\t\t\t\t\t\t<section class=\"elementor-section elementor-top-section elementor-element elementor-element-5ff8d93c elementor-section-full_width elementor-section-height-min-height elementor-section-items-stretch elementor-section-content-bottom elementor-section-height-default\" data-id=\"5ff8d93c\" data-element_type=\"section\">\n\t\t\t\t\t\t<div class=\"elementor-container elementor-column-gap-no\">\n\t\t\t\t\t<div class=\"elementor-column elementor-col-50 elementor-top-column elementor-element elementor-element-6b0b8c09\" data-id=\"6b0b8c09\" data-element_type=\"column\" data-settings=\"{&quot;background_background&quot;:&quot;classic&quot;}\">\n\t\t\t<div class=\"elementor-widget-wrap elementor-element-populated\">\n\t\t\t\t\t\t<div class=\"elementor-element elementor-element-202bd89e elementor-widget elementor-widget-heading\" data-id=\"202bd89e\" data-element_type=\"widget\" data-widget_type=\"heading.default\">\n\t\t\t\t<div class=\"elementor-widget-container\">\n\t\t\t<style>\/*! elementor - v3.23.0 - 05-08-2024 *\/\n.elementor-heading-title{padding:0;margin:0;line-height:1}.elementor-widget-heading .elementor-heading-title[class*=elementor-size-]>a{color:inherit;font-size:inherit;line-height:inherit}.elementor-widget-heading .elementor-heading-title.elementor-size-small{font-size:15px}.elementor-widget-heading .elementor-heading-title.elementor-size-medium{font-size:19px}.elementor-widget-heading .elementor-heading-title.elementor-size-large{font-size:29px}.elementor-widget-heading .elementor-heading-title.elementor-size-xl{font-size:39px}.elementor-widget-heading .elementor-heading-title.elementor-size-xxl{font-size:59px}<\/style><h1 class=\"elementor-heading-title elementor-size-default\">Willkommen<\/h1>\t\t<\/div>\n\t\t\t\t<\/div>\n\t\t\t\t<div class=\"elementor-element elementor-element-33d7b4e7 elementor-widget elementor-widget-heading\" data-id=\"33d7b4e7\" data-element_type=\"widget\" data-widget_type=\"heading.default\">\n\t\t\t\t<div class=\"elementor-widget-container\">\n\t\t\t<h6 class=\"elementor-heading-title elementor-size-default\">bei den praktischen Tier\u00e4rztinnen Dr. med. vet. Susanne Wolz-Richter und Theresa Rothacher<\/h6>\t\t<\/div>\n\t\t\t\t<\/div>\n\t\t\t\t\t<\/div>\n\t\t<\/div>\n\t\t\t\t<div class=\"elementor-column elementor-col-50 elementor-top-column elementor-element elementor-element-2575cee8\" data-id=\"2575cee8\" data-element_type=\"column\">\n\t\t\t<div class=\"elementor-widget-wrap elementor-element-populated\">\n\t\t\t\t\t\t<div class=\"elementor-element elementor-element-38b1a4fe elementor-widget elementor-widget-image\" data-id=\"38b1a4fe\" data-element_type=\"widget\" data-widget_type=\"image.default\">\n\t\t\t\t<div class=\"elementor-widget-container\">\n\t\t\t<style>\/*! elementor - v3.23.0 - 05-08-2024 *\/\n.elementor-widget-image{text-align:center}.elementor-widget-image a{display:inline-block}.elementor-widget-image a img[src$=\".svg\"]{width:48px}.elementor-widget-image img{vertical-align:middle;display:inline-block}<\/style>\t\t\t\t\t\t\t\t\t\t<img fetchpriority=\"high\" width=\"800\" height=\"534\" src=\"https:\/\/richter-rothacher.de\/wp-content\/uploads\/2022\/05\/DSC_0343-1024x683.jpg\" class=\"attachment-large size-large wp-image-1307\" alt=\"\" srcset=\"https:\/\/richter-rothacher.de\/wp-content\/uploads\/2022\/05\/DSC_0343-1024x683.jpg 1024w, https:\/\/richter-rothacher.de\/wp-content\/uploads\/2022\/05\/DSC_0343-300x200.jpg 300w, https:\/\/richter-rothacher.de\/wp-content\/uploads\/2022\/05\/DSC_0343-768x512.jpg 768w, https:\/\/richter-rothacher.de\/wp-content\/uploads\/2022\/05\/DSC_0343.jpg 1500w\" sizes=\"(max-width: 800px) 100vw, 800px\" \/>\t\t\t\t\t\t\t\t\t\t\t\t\t<\/div>\n\t\t\t\t<\/div>\n\t\t\t\t\t<\/div>\n\t\t<\/div>\n\t\t\t\t\t<\/div>\n\t\t<\/section>\n\t\t\t\t<section class=\"elementor-section elementor-top-section elementor-element elementor-element-649e2aa elementor-section-full_width elementor-hidden-tablet elementor-hidden-mobile elementor-section-height-default elementor-section-height-default\" data-id=\"649e2aa\" data-element_type=\"section\">\n\t\t\t\t\t\t<div class=\"elementor-container elementor-column-gap-default\">\n\t\t\t\t\t<div class=\"elementor-column elementor-col-25 elementor-top-column elementor-element elementor-element-75e5124\" data-id=\"75e5124\" data-element_type=\"column\">\n\t\t\t<div class=\"elementor-widget-wrap elementor-element-populated\">\n\t\t\t\t\t\t<div class=\"elementor-element elementor-element-3eefc4b elementor-widget elementor-widget-text-editor\" data-id=\"3eefc4b\" data-element_type=\"widget\" data-widget_type=\"text-editor.default\">\n\t\t\t\t<div class=\"elementor-widget-container\">\n\t\t\t<style>\/*! elementor - v3.23.0 - 05-08-2024 *\/\n.elementor-widget-text-editor.elementor-drop-cap-view-stacked .elementor-drop-cap{background-color:#69727d;color:#fff}.elementor-widget-text-editor.elementor-drop-cap-view-framed .elementor-drop-cap{color:#69727d;border:3px solid;background-color:transparent}.elementor-widget-text-editor:not(.elementor-drop-cap-view-default) .elementor-drop-cap{margin-top:8px}.elementor-widget-text-editor:not(.elementor-drop-cap-view-default) .elementor-drop-cap-letter{width:1em;height:1em}.elementor-widget-text-editor .elementor-drop-cap{float:left;text-align:center;line-height:1;font-size:50px}.elementor-widget-text-editor .elementor-drop-cap-letter{display:inline-block}<\/style>\t\t\t\t<p><strong>Wir sind umgezogen!<\/strong><\/p><p><strong>Seit dem 01.01.2026 findet man unsere Praxis in der Hans-Pirner-Stra\u00dfe 32 in Ottensoos!<\/strong><\/p><p>Zum ersten Juni 2022 haben wir, die praktischen Tier\u00e4rztinnen Dr. med. vet. Susanne Wolz-Richter und Theresa Rothacher, die Tierarztpraxis von Dr. Peter Schieber in Ottensoos (N\u00fcrnberger Land) \u00fcbernommen.<\/p><p>Wir f\u00fchren die Praxis als reine Gro\u00dftierpraxis weiter und behandeln Ihre Rinder, Pferde, Esel, Maultiere, kleine Wiederk\u00e4uer (Schaf und Ziege), Neuweltkameliden (Lama, Alpaka, Vikunja, Guanako) und H\u00fchner.<\/p>\t\t\t\t\t\t<\/div>\n\t\t\t\t<\/div>\n\t\t\t\t\t<\/div>\n\t\t<\/div>\n\t\t\t\t<div class=\"elementor-column elementor-col-25 elementor-top-column elementor-element elementor-element-12a2ce0\" data-id=\"12a2ce0\" data-element_type=\"column\">\n\t\t\t<div class=\"elementor-widget-wrap elementor-element-populated\">\n\t\t\t\t\t\t<div class=\"elementor-element elementor-element-ee8625a elementor-widget elementor-widget-text-editor\" data-id=\"ee8625a\" data-element_type=\"widget\" data-widget_type=\"text-editor.default\">\n\t\t\t\t<div class=\"elementor-widget-container\">\n\t\t\t\t\t\t\t<p>F\u00fcr alle Tierarten k\u00f6nnen wir Ihnen unsere Fachkenntnisse im Bereich klassische europ\u00e4ische Phytotherapie (Pflanzenheilkunde) und Mykotherapie\u00a0(Heilpilzkunde) zur Verf\u00fcgung stellen.<\/p><p>F\u00fcr unsere Landwirte bieten wir die K\u00fcnstliche Besamung in Zusammenarbeit mit dem Besamungsverein Neustadt an der Aisch e.V. (BVN) und ein breites Spektrum an Integrierter Tier\u00e4rztlicher Bestandsbetreuung (ITB) an.<\/p>\t\t\t\t\t\t<\/div>\n\t\t\t\t<\/div>\n\t\t\t\t<div class=\"elementor-element elementor-element-715c751 elementor-widget elementor-widget-text-editor\" data-id=\"715c751\" data-element_type=\"widget\" data-widget_type=\"text-editor.default\">\n\t\t\t\t<div class=\"elementor-widget-container\">\n\t\t\t\t\t\t\t<p><b>Bitte kontaktieren Sie uns zu unseren Telefonzeiten:<br \/>MO &#8211; FR 8:00 &#8211; 9:30 Uhr und 14:00 &#8211; 15:30 Uhr!<br \/>Dar\u00fcber hinaus bieten wir f\u00fcr unsere Kunden auch einen\u00a024 Stunden Notdienst\u00a0an.<\/b><\/p>\t\t\t\t\t\t<\/div>\n\t\t\t\t<\/div>\n\t\t\t\t\t<\/div>\n\t\t<\/div>\n\t\t\t\t<div class=\"elementor-column elementor-col-50 elementor-top-column elementor-element elementor-element-7edde23\" data-id=\"7edde23\" data-element_type=\"column\">\n\t\t\t<div class=\"elementor-widget-wrap\">\n\t\t\t\t\t\t\t<\/div>\n\t\t<\/div>\n\t\t\t\t\t<\/div>\n\t\t<\/section>\n\t\t\t\t<section class=\"elementor-section elementor-top-section elementor-element elementor-element-bbfb26b elementor-section-full_width elementor-hidden-desktop elementor-section-height-default elementor-section-height-default\" data-id=\"bbfb26b\" data-element_type=\"section\">\n\t\t\t\t\t\t<div class=\"elementor-container elementor-column-gap-default\">\n\t\t\t\t\t<div class=\"elementor-column elementor-col-50 elementor-top-column elementor-element elementor-element-6692ac3\" data-id=\"6692ac3\" data-element_type=\"column\">\n\t\t\t<div class=\"elementor-widget-wrap elementor-element-populated\">\n\t\t\t\t\t\t<div class=\"elementor-element elementor-element-358265d elementor-widget elementor-widget-text-editor\" data-id=\"358265d\" data-element_type=\"widget\" data-widget_type=\"text-editor.default\">\n\t\t\t\t<div class=\"elementor-widget-container\">\n\t\t\t\t\t\t\t<p>Zum ersten Juni 2022 haben wir, die praktischen Tier\u00e4rztinnen Dr. med. vet. Susanne Wolz-Richter und Theresa Rothacher, die Tierarztpraxis von Dr. Peter Schieber in Ottensoos (N\u00fcrnberger Land) \u00fcbernommen.<\/p><p>Wir f\u00fchren die Praxis als reine Gro\u00dftierpraxis weiter und behandeln Ihre Rinder, Pferde, Esel, Maultiere, kleine Wiederk\u00e4uer (Schaf und Ziege), Neuweltkameliden (Lama, Alpaka, Vikunja, Guanako) und H\u00fchner.<\/p>\t\t\t\t\t\t<\/div>\n\t\t\t\t<\/div>\n\t\t\t\t\t<\/div>\n\t\t<\/div>\n\t\t\t\t<div class=\"elementor-column elementor-col-50 elementor-top-column elementor-element elementor-element-7457fa4\" data-id=\"7457fa4\" data-element_type=\"column\">\n\t\t\t<div class=\"elementor-widget-wrap elementor-element-populated\">\n\t\t\t\t\t\t<div class=\"elementor-element elementor-element-a997c1d elementor-widget elementor-widget-text-editor\" data-id=\"a997c1d\" data-element_type=\"widget\" data-widget_type=\"text-editor.default\">\n\t\t\t\t<div class=\"elementor-widget-container\">\n\t\t\t\t\t\t\t<p>F\u00fcr alle Tierarten k\u00f6nnen wir Ihnen unsere Fachkenntnisse im Bereich klassische europ\u00e4ische Phytotherapie<strong><br \/><\/strong>(Pflanzenheilkunde) und Mykotherapie<br \/>(Heilpilzkunde) zur Verf\u00fcgung stellen.<\/p><p>F\u00fcr unsere Landwirte bieten wir die K\u00fcnstliche Besamung\u00a0in Zusammenarbeit mit dem\u00a0Besamungsverein Neustadt an der Aisch e.V.\u00a0(BVN) und ein breites Spektrum an Integrierter Tier\u00e4rztlicher Bestandsbetreuung\u00a0(ITB) an.<\/p>\t\t\t\t\t\t<\/div>\n\t\t\t\t<\/div>\n\t\t\t\t\t<\/div>\n\t\t<\/div>\n\t\t\t\t\t<\/div>\n\t\t<\/section>\n\t\t\t\t<section class=\"elementor-section elementor-top-section elementor-element elementor-element-9827bc5 elementor-section-full_width elementor-hidden-desktop elementor-section-height-default elementor-section-height-default\" data-id=\"9827bc5\" data-element_type=\"section\">\n\t\t\t\t\t\t<div class=\"elementor-container elementor-column-gap-default\">\n\t\t\t\t\t<div class=\"elementor-column elementor-col-100 elementor-top-column elementor-element elementor-element-e9b6f7e\" data-id=\"e9b6f7e\" data-element_type=\"column\">\n\t\t\t<div class=\"elementor-widget-wrap elementor-element-populated\">\n\t\t\t\t\t\t<div class=\"elementor-element elementor-element-bbdd929 elementor-widget elementor-widget-text-editor\" data-id=\"bbdd929\" data-element_type=\"widget\" data-widget_type=\"text-editor.default\">\n\t\t\t\t<div class=\"elementor-widget-container\">\n\t\t\t\t\t\t\t<p><b>Bitte kontaktieren Sie uns zu unseren Telefonzeiten:<br \/>MO &#8211; FR 8:00 &#8211; 9:30 Uhr und 14:00 &#8211; 15:30 Uhr!<br \/>Dar\u00fcber hinaus bieten wir f\u00fcr unsere Kunden auch einen\u00a024 Stunden Notdienst\u00a0an.<\/b><\/p>\t\t\t\t\t\t<\/div>\n\t\t\t\t<\/div>\n\t\t\t\t\t<\/div>\n\t\t<\/div>\n\t\t\t\t\t<\/div>\n\t\t<\/section>\n\t\t\t\t<\/div>\n\t\t","protected":false},"excerpt":{"rendered":"<p>Willkommen bei den praktischen Tier\u00e4rztinnen Dr. med. vet. Susanne Wolz-Richter und Theresa Rothacher Wir sind umgezogen! Seit dem 01.01.2026 findet man unsere Praxis in der Hans-Pirner-Stra\u00dfe 32 in Ottensoos! Zum ersten Juni 2022 haben wir, die praktischen Tier\u00e4rztinnen Dr. med. vet. Susanne Wolz-Richter und Theresa Rothacher, die Tierarztpraxis von Dr. Peter Schieber in Ottensoos (N\u00fcrnberger [&hellip;]<\/p>\n","protected":false},"author":1,"featured_media":0,"parent":0,"menu_order":0,"comment_status":"closed","ping_status":"closed","template":"elementor_header_footer","meta":[],"yoast_head":"<!-- This site is optimized with the Yoast SEO plugin v20.6 - https:\/\/yoast.com\/wordpress\/plugins\/seo\/ -->\n<title>Home - Tier\u00e4rzte Richter &amp; Rothacher<\/title>\n<meta name=\"description\" content=\"Gro\u00dftierpraxis f\u00fcr Ihre Rinder, Pferde, Esel, Maultiere, kleine Wiederk\u00e4uer , Neuweltkameliden und H\u00fchner. Zudem bieten Phytotherapie und Mykotherapie f\u00fcr alle Tierarten an.\" \/>\n<meta name=\"robots\" content=\"index, follow, max-snippet:-1, max-image-preview:large, max-video-preview:-1\" \/>\n<link rel=\"canonical\" href=\"https:\/\/richter-rothacher.de\/home\/\" \/>\n<meta property=\"og:locale\" content=\"de_DE\" \/>\n<meta property=\"og:type\" content=\"article\" \/>\n<meta property=\"og:title\" content=\"Gro\u00dftierpraxis Richter &amp; Rothacher\" \/>\n<meta property=\"og:description\" content=\"Gro\u00dftierpraxis f\u00fcr Ihre Rinder, Pferde, Esel, Maultiere, kleine Wiederk\u00e4uer , Neuweltkameliden und H\u00fchner. Zudem bieten Phytotherapie und Mykotherapie f\u00fcr alle Tierarten an.\" \/>\n<meta property=\"og:url\" content=\"https:\/\/richter-rothacher.de\/home\/\" \/>\n<meta property=\"og:site_name\" content=\"Tier\u00e4rzte Richter &amp; Rothacher\" \/>\n<meta property=\"article:modified_time\" content=\"2026-01-05T12:53:41+00:00\" \/>\n<meta property=\"og:image\" content=\"https:\/\/richter-rothacher.de\/wp-content\/uploads\/2022\/05\/cropped-logowebsite.jpg\" \/>\n\t<meta property=\"og:image:width\" content=\"1500\" \/>\n\t<meta property=\"og:image:height\" content=\"668\" \/>\n\t<meta property=\"og:image:type\" content=\"image\/jpeg\" \/>\n<meta name=\"twitter:card\" content=\"summary_large_image\" \/>\n<meta name=\"twitter:title\" content=\"Gro\u00dftierpraxis Richter &amp; Rothacher\" \/>\n<meta name=\"twitter:description\" content=\"Gro\u00dftierpraxis f\u00fcr Ihre Rinder, Pferde, Esel, Maultiere, kleine Wiederk\u00e4uer , Neuweltkameliden und H\u00fchner. Zudem bieten Phytotherapie und Mykotherapie f\u00fcr alle Tierarten an.\" \/>\n<meta name=\"twitter:image\" content=\"https:\/\/richter-rothacher.de\/wp-content\/uploads\/2022\/05\/DSC_0156_kor-2.jpg\" \/>\n<meta name=\"twitter:label1\" content=\"Gesch\u00e4tzte Lesezeit\" \/>\n\t<meta name=\"twitter:data1\" content=\"2 Minuten\" \/>\n<script type=\"application\/ld+json\" class=\"yoast-schema-graph\">{\"@context\":\"https:\/\/schema.org\",\"@graph\":[{\"@type\":\"WebPage\",\"@id\":\"https:\/\/richter-rothacher.de\/home\/\",\"url\":\"https:\/\/richter-rothacher.de\/home\/\",\"name\":\"Home - Tier\u00e4rzte Richter &amp; Rothacher\",\"isPartOf\":{\"@id\":\"https:\/\/richter-rothacher.de\/home\/#website\"},\"datePublished\":\"2022-04-21T15:28:18+00:00\",\"dateModified\":\"2026-01-05T12:53:41+00:00\",\"description\":\"Gro\u00dftierpraxis f\u00fcr Ihre Rinder, Pferde, Esel, Maultiere, kleine Wiederk\u00e4uer , Neuweltkameliden und H\u00fchner. Zudem bieten Phytotherapie und Mykotherapie f\u00fcr alle Tierarten an.\",\"breadcrumb\":{\"@id\":\"https:\/\/richter-rothacher.de\/home\/#breadcrumb\"},\"inLanguage\":\"de-DE\",\"potentialAction\":[{\"@type\":\"ReadAction\",\"target\":[\"https:\/\/richter-rothacher.de\/home\/\"]}]},{\"@type\":\"BreadcrumbList\",\"@id\":\"https:\/\/richter-rothacher.de\/home\/#breadcrumb\",\"itemListElement\":[{\"@type\":\"ListItem\",\"position\":1,\"name\":\"Startseite\",\"item\":\"https:\/\/richter-rothacher.de\/home\/\"},{\"@type\":\"ListItem\",\"position\":2,\"name\":\"Home\"}]},{\"@type\":\"WebSite\",\"@id\":\"https:\/\/richter-rothacher.de\/home\/#website\",\"url\":\"https:\/\/richter-rothacher.de\/home\/\",\"name\":\"Tier\u00e4rzte Richter &amp; Rothacher\",\"description\":\"Praktische Tier\u00e4rztinnen f\u00fcr Gro\u00dftiere\",\"publisher\":{\"@id\":\"https:\/\/richter-rothacher.de\/home\/#organization\"},\"potentialAction\":[{\"@type\":\"SearchAction\",\"target\":{\"@type\":\"EntryPoint\",\"urlTemplate\":\"https:\/\/richter-rothacher.de\/home\/?s={search_term_string}\"},\"query-input\":\"required name=search_term_string\"}],\"inLanguage\":\"de-DE\"},{\"@type\":\"Organization\",\"@id\":\"https:\/\/richter-rothacher.de\/home\/#organization\",\"name\":\"Gro\u00dftierpraxis Richter & Rothacher\",\"url\":\"https:\/\/richter-rothacher.de\/home\/\",\"logo\":{\"@type\":\"ImageObject\",\"inLanguage\":\"de-DE\",\"@id\":\"https:\/\/richter-rothacher.de\/home\/#\/schema\/logo\/image\/\",\"url\":\"https:\/\/richter-rothacher.de\/wp-content\/uploads\/2022\/05\/cropped-logowebsite.jpg\",\"contentUrl\":\"https:\/\/richter-rothacher.de\/wp-content\/uploads\/2022\/05\/cropped-logowebsite.jpg\",\"width\":1500,\"height\":668,\"caption\":\"Gro\u00dftierpraxis Richter & Rothacher\"},\"image\":{\"@id\":\"https:\/\/richter-rothacher.de\/home\/#\/schema\/logo\/image\/\"}}]}<\/script>\n<!-- \/ Yoast SEO plugin. -->","yoast_head_json":{"title":"Home - Tier\u00e4rzte Richter &amp; Rothacher","description":"Gro\u00dftierpraxis f\u00fcr Ihre Rinder, Pferde, Esel, Maultiere, kleine Wiederk\u00e4uer , Neuweltkameliden und H\u00fchner. Zudem bieten Phytotherapie und Mykotherapie f\u00fcr alle Tierarten an.","robots":{"index":"index","follow":"follow","max-snippet":"max-snippet:-1","max-image-preview":"max-image-preview:large","max-video-preview":"max-video-preview:-1"},"canonical":"https:\/\/richter-rothacher.de\/home\/","og_locale":"de_DE","og_type":"article","og_title":"Gro\u00dftierpraxis Richter & Rothacher","og_description":"Gro\u00dftierpraxis f\u00fcr Ihre Rinder, Pferde, Esel, Maultiere, kleine Wiederk\u00e4uer , Neuweltkameliden und H\u00fchner. Zudem bieten Phytotherapie und Mykotherapie f\u00fcr alle Tierarten an.","og_url":"https:\/\/richter-rothacher.de\/home\/","og_site_name":"Tier\u00e4rzte Richter &amp; Rothacher","article_modified_time":"2026-01-05T12:53:41+00:00","og_image":[{"width":1500,"height":668,"url":"https:\/\/richter-rothacher.de\/wp-content\/uploads\/2022\/05\/cropped-logowebsite.jpg","type":"image\/jpeg"}],"twitter_card":"summary_large_image","twitter_title":"Gro\u00dftierpraxis Richter & Rothacher","twitter_description":"Gro\u00dftierpraxis f\u00fcr Ihre Rinder, Pferde, Esel, Maultiere, kleine Wiederk\u00e4uer , Neuweltkameliden und H\u00fchner. Zudem bieten Phytotherapie und Mykotherapie f\u00fcr alle Tierarten an.","twitter_image":"https:\/\/richter-rothacher.de\/wp-content\/uploads\/2022\/05\/DSC_0156_kor-2.jpg","twitter_misc":{"Gesch\u00e4tzte Lesezeit":"2 Minuten"},"schema":{"@context":"https:\/\/schema.org","@graph":[{"@type":"WebPage","@id":"https:\/\/richter-rothacher.de\/home\/","url":"https:\/\/richter-rothacher.de\/home\/","name":"Home - Tier\u00e4rzte Richter &amp; Rothacher","isPartOf":{"@id":"https:\/\/richter-rothacher.de\/home\/#website"},"datePublished":"2022-04-21T15:28:18+00:00","dateModified":"2026-01-05T12:53:41+00:00","description":"Gro\u00dftierpraxis f\u00fcr Ihre Rinder, Pferde, Esel, Maultiere, kleine Wiederk\u00e4uer , Neuweltkameliden und H\u00fchner. Zudem bieten Phytotherapie und Mykotherapie f\u00fcr alle Tierarten an.","breadcrumb":{"@id":"https:\/\/richter-rothacher.de\/home\/#breadcrumb"},"inLanguage":"de-DE","potentialAction":[{"@type":"ReadAction","target":["https:\/\/richter-rothacher.de\/home\/"]}]},{"@type":"BreadcrumbList","@id":"https:\/\/richter-rothacher.de\/home\/#breadcrumb","itemListElement":[{"@type":"ListItem","position":1,"name":"Startseite","item":"https:\/\/richter-rothacher.de\/home\/"},{"@type":"ListItem","position":2,"name":"Home"}]},{"@type":"WebSite","@id":"https:\/\/richter-rothacher.de\/home\/#website","url":"https:\/\/richter-rothacher.de\/home\/","name":"Tier\u00e4rzte Richter &amp; Rothacher","description":"Praktische Tier\u00e4rztinnen f\u00fcr Gro\u00dftiere","publisher":{"@id":"https:\/\/richter-rothacher.de\/home\/#organization"},"potentialAction":[{"@type":"SearchAction","target":{"@type":"EntryPoint","urlTemplate":"https:\/\/richter-rothacher.de\/home\/?s={search_term_string}"},"query-input":"required name=search_term_string"}],"inLanguage":"de-DE"},{"@type":"Organization","@id":"https:\/\/richter-rothacher.de\/home\/#organization","name":"Gro\u00dftierpraxis Richter & Rothacher","url":"https:\/\/richter-rothacher.de\/home\/","logo":{"@type":"ImageObject","inLanguage":"de-DE","@id":"https:\/\/richter-rothacher.de\/home\/#\/schema\/logo\/image\/","url":"https:\/\/richter-rothacher.de\/wp-content\/uploads\/2022\/05\/cropped-logowebsite.jpg","contentUrl":"https:\/\/richter-rothacher.de\/wp-content\/uploads\/2022\/05\/cropped-logowebsite.jpg","width":1500,"height":668,"caption":"Gro\u00dftierpraxis Richter & Rothacher"},"image":{"@id":"https:\/\/richter-rothacher.de\/home\/#\/schema\/logo\/image\/"}}]}},"_links":{"self":[{"href":"https:\/\/richter-rothacher.de\/home\/wp-json\/wp\/v2\/pages\/333"}],"collection":[{"href":"https:\/\/richter-rothacher.de\/home\/wp-json\/wp\/v2\/pages"}],"about":[{"href":"https:\/\/richter-rothacher.de\/home\/wp-json\/wp\/v2\/types\/page"}],"author":[{"embeddable":true,"href":"https:\/\/richter-rothacher.de\/home\/wp-json\/wp\/v2\/users\/1"}],"replies":[{"embeddable":true,"href":"https:\/\/richter-rothacher.de\/home\/wp-json\/wp\/v2\/comments?post=333"}],"version-history":[{"count":192,"href":"https:\/\/richter-rothacher.de\/home\/wp-json\/wp\/v2\/pages\/333\/revisions"}],"predecessor-version":[{"id":2217,"href":"https:\/\/richter-rothacher.de\/home\/wp-json\/wp\/v2\/pages\/333\/revisions\/2217"}],"wp:attachment":[{"href":"https:\/\/richter-rothacher.de\/home\/wp-json\/wp\/v2\/media?parent=333"}],"curies":[{"name":"wp","href":"https:\/\/api.w.org\/{rel}","templated":true}]}}